{"id":206,"date":"2020-03-23T11:38:19","date_gmt":"2020-03-23T11:38:19","guid":{"rendered":"https:\/\/demosites.io\/charity-gb\/?page_id=206"},"modified":"2025-01-01T22:34:55","modified_gmt":"2025-01-01T22:34:55","slug":"home","status":"publish","type":"page","link":"https:\/\/jaswyspianski.pl\/","title":{"rendered":"Strona g\u0142\u00f3wna"},"content":{"rendered":"\n<div class=\"wp-block-cover alignfull\" style=\"min-height:500px\"><span aria-hidden=\"true\" class=\"wp-block-cover__background has-background-dim-70 has-background-dim wp-block-cover__gradient-background has-background-gradient has-luminous-vivid-amber-to-luminous-vivid-orange-gradient-background\"><\/span><img decoding=\"async\" loading=\"lazy\" width=\"4032\" height=\"2268\" class=\"wp-block-cover__image-background wp-image-301\" alt=\"\" src=\"http:\/\/jaswyspianski.pl\/wp-content\/uploads\/2022\/01\/20211230_231810-Jas-po-oparzeniu-w-szpitalu.png\" data-object-fit=\"cover\" srcset=\"https:\/\/jaswyspianski.pl\/wp-content\/uploads\/2022\/01\/20211230_231810-Jas-po-oparzeniu-w-szpitalu.png 4032w, https:\/\/jaswyspianski.pl\/wp-content\/uploads\/2022\/01\/20211230_231810-Jas-po-oparzeniu-w-szpitalu-300x169.png 300w, https:\/\/jaswyspianski.pl\/wp-content\/uploads\/2022\/01\/20211230_231810-Jas-po-oparzeniu-w-szpitalu-1024x576.png 1024w, https:\/\/jaswyspianski.pl\/wp-content\/uploads\/2022\/01\/20211230_231810-Jas-po-oparzeniu-w-szpitalu-768x432.png 768w, https:\/\/jaswyspianski.pl\/wp-content\/uploads\/2022\/01\/20211230_231810-Jas-po-oparzeniu-w-szpitalu-1536x864.png 1536w, https:\/\/jaswyspianski.pl\/wp-content\/uploads\/2022\/01\/20211230_231810-Jas-po-oparzeniu-w-szpitalu-2048x1152.png 2048w\" sizes=\"(max-width: 4032px) 100vw, 4032px\" \/><div class=\"wp-block-cover__inner-container\">\n<div style=\"height:120px\" aria-hidden=\"true\" class=\"wp-block-spacer\"><\/div>\n\n\n\n<div class=\"is-layout-flex wp-container-4 wp-block-columns are-vertically-aligned-center\">\n<div class=\"is-layout-flow wp-block-column is-vertically-aligned-center\" style=\"flex-basis:42%\">\n<h1 class=\"has-nv-text-dark-bg-color has-text-color has-huge-font-size\" id=\"dziekujemy-ze-jestes-z-nami\">Dzi\u0119kujemy, \u017ce jeste\u015b z nami<\/h1>\n\n\n\n<p class=\"has-text-color\" style=\"color:#ffffff\">Dzi\u0119ki Tobie Ja\u015b mo\u017ce uczestniczy\u0107 w turnusach rehabilitacyjnych, chodzi\u0107 do przedszkola terapeutycznego, kt\u00f3re prowadzi dzieci autystyczne, korzysta\u0107 z dedykowanej rehabilitacji zewn\u0119trznej i terapii w domu oraz zaj\u0119\u0107 wspieraj\u0105cych rozw\u00f3j, kt\u00f3ry jest najlepsz\u0105 miar\u0105 post\u0119p\u00f3w w tak podst\u0119pnym zaburzeniu jakim jest autyzm<\/p>\n\n\n\n<div class=\"is-layout-flex wp-block-buttons\">\n<div class=\"wp-block-button is-style-primary\"><a class=\"wp-block-button__link has-neve-link-color-background-color has-text-color has-background wp-element-button\" href=\"https:\/\/www.siepomaga.pl\/jas-wyspianski\" style=\"border-radius:50px;color:#000000\" target=\"_blank\" rel=\"noreferrer noopener\">POM\u00d3\u017b JASIOWI<\/a><\/div>\n<\/div>\n<\/div>\n\n\n\n<div class=\"is-layout-flow wp-block-column is-vertically-aligned-center\"><\/div>\n<\/div>\n\n\n\n<div style=\"height:120px\" aria-hidden=\"true\" class=\"wp-block-spacer\"><\/div>\n<\/div><\/div>\n\n\n\n<div class=\"wp-block-cover alignfull\"><span aria-hidden=\"true\" class=\"wp-block-cover__background has-nv-site-bg-background-color has-background-dim-100 has-background-dim\"><\/span><div class=\"wp-block-cover__inner-container\">\n<div style=\"height:78px\" aria-hidden=\"true\" id=\"kimJestJas\" class=\"wp-block-spacer\"><\/div>\n\n\n\n<div class=\"is-layout-flex wp-container-8 wp-block-columns\">\n<div class=\"is-layout-flow wp-block-column\">\n<div style=\"height:20px\" aria-hidden=\"true\" class=\"wp-block-spacer\"><\/div>\n\n\n\n<h2 class=\"has-text-align-left has-neve-text-color-color has-text-color\" id=\"jas-wyspianski\">Ja\u015b Wyspia\u0144ski<\/h2>\n\n\n\n<p class=\"has-text-align-left has-neve-text-color-color has-text-color\">To weso\u0142y 5,5-latek.\u00a0Ukochany i wyczekiwany synek! Ale od pocz\u0105tku nie rozwija si\u0119 dobrze.\u00a0Ma autyzm w najostrzejszej postaci&#8230;\u00a0 Najbezpieczniej czuje si\u0119 w swoim ograniczonym \u015bwiecie, znanych schematach i rytua\u0142ach. Nie pozwala na zmiany. Boi si\u0119 ich. Nie lubi nowych ludzi, stresuj\u0105 go nowe miejsca. To wszystko sprawia, \u017ce niezwykle trudno mu si\u0119 rozwija\u0107 i stawa\u0107 si\u0119 samodzielnym\u2026\u00a0<\/p>\n\n\n\n<h3 class=\"has-text-align-left has-neve-text-color-color has-text-color\" id=\"wesprzyj-nas\">WESPRZYJ NAS<\/h3>\n\n\n\n<div class=\"is-layout-flex wp-block-buttons\">\n<div class=\"wp-block-button is-style-primary\"><a class=\"wp-block-button__link wp-element-button\" href=\"https:\/\/www.siepomaga.pl\/jas-wyspianski\" style=\"border-radius:50px\" target=\"_blank\" rel=\"noreferrer noopener\">Pom\u00f3\u017c Jasiowi<\/a><\/div>\n<\/div>\n<\/div>\n\n\n\n<div class=\"is-layout-flow wp-block-column\">\n<div style=\"height:20px\" aria-hidden=\"true\" class=\"wp-block-spacer\"><\/div>\n\n\n\n<h3 class=\"has-text-align-left has-neve-text-color-color has-text-color\" id=\"czego-potrzebujemy\">Czego potrzebujemy?<\/h3>\n\n\n\n<p class=\"has-text-align-left has-neve-text-color-color has-text-color\">Turnusy rehabilitacyjne z programem dla dzieci autystycznych. Przedszkole terapeutyczne z ma\u0142ymi grupami i wykwalifikowanymi terapeutami. Du\u017co fizjoterapii oraz terapia czaszkowo-krzy\u017cowa, terapia na stawy i powi\u0119zi. Zaj\u0119cia pozaprzedszkolne: logopeda, psycholog\/pedagog, terapeuta SI. Zaj\u0119cia wspieraj\u0105ce rozw\u00f3j \u2013 hipoterapia, basen. Dieta bezmleczna i bezmi\u0119sna. Materia\u0142y logopedyczne i pomoce rehabilitacyjne.<\/p>\n\n\n\n<h4 class=\"has-text-align-left has-neve-text-color-color has-text-color\" id=\"dlaczego-sama-nie-jestem-w-stanie-pomoc-jasiowi\">Dlaczego sama nie jestem w stanie pom\u00f3c Jasiowi?<\/h4>\n\n\n\n<p class=\"has-text-align-left has-neve-text-color-color has-text-color\">Diagnoza Jasia przysz\u0142a do\u015b\u0107 wcze\u015bnie (1 rok 7 m-cy). Jednak stracili\u015bmy wiele czasu z powodu braku dost\u0119pno\u015bci w\u0142a\u015bciwych plac\u00f3wek i terapii dla dzieci z autyzmem w tak m\u0142odym wieku. Ja\u015b potrzebuje przedszkola terapeutycznego, ale jeste\u015bmy sami we dw\u00f3jk\u0119 i praca na ca\u0142y etat utrudniaj\u0105 zapewnienie Jasiowi takiego przedszkola, poniewa\u017c s\u0105 one zbyt kr\u00f3tko otwarte, a dojazdy du\u017cym mie\u015bcie w godzinach szczytu s\u0105 problematyczne. Alternatyw\u0105 jest przedszkole integracyjne, ale niewiele z nich ma odpowiednie zaplecze i do\u015bwiadczenie w pracy z dzie\u0107mi autystycznymi, przede wszystkim jednak Ja\u015b nie jest jeszcze gotowy na tego typu przedszkole. <\/p>\n<\/div>\n<\/div>\n\n\n\n<div style=\"height:80px\" aria-hidden=\"true\" class=\"wp-block-spacer\"><\/div>\n<\/div><\/div>\n\n\n\n<div class=\"wp-block-cover alignfull\"><span aria-hidden=\"true\" class=\"wp-block-cover__background has-nv-light-bg-background-color has-background-dim-100 has-background-dim\"><\/span><div class=\"wp-block-cover__inner-container\">\n<div style=\"height:80px\" aria-hidden=\"true\" id=\"zczymsiezmagamy\" class=\"wp-block-spacer\"><\/div>\n\n\n\n<h2 class=\"has-text-align-center has-neve-text-color-color has-text-color\" id=\"z-czym-sie-zmagamy\">Z czym si\u0119 zmagamy?<\/h2>\n\n\n\n<div style=\"height:20px\" aria-hidden=\"true\" class=\"wp-block-spacer\"><\/div>\n\n\n\n<p class=\"has-neve-text-color-color has-text-color\"><strong>Autyzm <\/strong>\u2013 w najostrzejszej formie ca\u0142o\u015bciowych zaburze\u0144 rozwoju. <br><strong>Zaburzenie genetyczne CHD8<\/strong> \u2013 de nuovo.<br><strong>Niepe\u0142nosprawno\u015b\u0107 intelektualna <\/strong>&#8211; w stopniu umiarkowanym. <br><strong>Wady postawy<\/strong> \u2013 p\u0142askostopie, ko\u015blawo\u015b\u0107 kolan, problemy ze stabilizacj\u0105 centraln\u0105, obni\u017cone napi\u0119cie mi\u0119\u015bniowe, op\u00f3\u017anienia psychoruchowe, itp. <br><strong>Alergie <\/strong>\u2013 na bia\u0142ka mleka krowiego, mi\u0119so i ryby, alergia sk\u00f3rna. <br><strong>Komunikowanie si\u0119 <\/strong>\u2013 brak mowy.<br><br>Autyzm i mutacja genetyczna CHD8 s\u0105 nieuleczalne, ale szybkie zapewnienie w\u0142a\u015bciwej terapii i leczenia mog\u0105 u\u0142atwi\u0107 dziecku rozw\u00f3j zdolno\u015bci spo\u0142ecznych i j\u0119zykowych i przyczyni\u0107 si\u0119 do zmniejszenia trudno\u015bci w funkcjonowaniu dziecka na dalszych etapach \u017cycia.<\/p>\n\n\n\n<div class=\"is-layout-flex wp-container-15 wp-block-columns are-vertically-aligned-center col-padding\">\n<div class=\"is-layout-flow wp-block-column is-vertically-aligned-center\">\n<div class=\"is-layout-flow wp-block-group has-nv-site-bg-background-color has-background\"><div class=\"wp-block-group__inner-container\">\n<p><\/p>\n\n\n\n<div style=\"height:40px\" aria-hidden=\"true\" class=\"wp-block-spacer\"><\/div>\n\n\n\n<h5 class=\"has-text-align-center has-neve-text-color-color has-text-color\" id=\"orzeczenie-o-niepelnosprawnosci\">orzeczenie o niepe\u0142nosprawno\u015bci<\/h5>\n\n\n\n<p class=\"has-text-align-center has-neve-text-color-color has-text-color\"><mark style=\"background-color:rgba(0, 0, 0, 0)\" class=\"has-inline-color has-neve-link-color-color\"><a href=\"http:\/\/jaswyspianski.pl\/wp-content\/uploads\/2024\/02\/2023.10.21-Orzeczenie-o-niepelnosprawnosci_popr.pdf\" target=\"_blank\" rel=\"noreferrer noopener\">Podgl\u0105d<\/a><\/mark><\/p>\n\n\n\n<div style=\"height:20px\" aria-hidden=\"true\" class=\"wp-block-spacer\"><\/div>\n<\/div><\/div>\n<\/div>\n\n\n\n<div class=\"is-layout-flow wp-block-column is-vertically-aligned-center\">\n<div class=\"is-layout-flow wp-block-group has-nv-site-bg-background-color has-background\"><div class=\"wp-block-group__inner-container\">\n<p><\/p>\n\n\n\n<div style=\"height:40px\" aria-hidden=\"true\" class=\"wp-block-spacer\"><\/div>\n\n\n\n<h5 class=\"has-text-align-center has-neve-text-color-color has-text-color\" id=\"orzeczenie-o-potrzebie-ksztalcenia-specjalnego\">orzeczenie o potrzebie kszta\u0142cenia specjalnego<\/h5>\n\n\n\n<p class=\"has-text-align-center has-neve-text-color-color has-text-color\"><mark style=\"background-color:rgba(0, 0, 0, 0)\" class=\"has-inline-color has-neve-link-color-color\"><a href=\"http:\/\/jaswyspianski.pl\/wp-content\/uploads\/2024\/02\/2023.12.07-Orzeczenie-o-KS_popr.pdf\" target=\"_blank\" rel=\"noreferrer noopener\">Podgl\u0105d<\/a>  <\/mark><\/p>\n\n\n\n<div style=\"height:20px\" aria-hidden=\"true\" class=\"wp-block-spacer\"><\/div>\n<\/div><\/div>\n<\/div>\n\n\n\n<div class=\"is-layout-flow wp-block-column is-vertically-aligned-center\">\n<div class=\"is-layout-flow wp-block-group has-nv-site-bg-background-color has-background\"><div class=\"wp-block-group__inner-container\">\n<p><\/p>\n\n\n\n<div style=\"height:40px\" aria-hidden=\"true\" class=\"wp-block-spacer\"><\/div>\n\n\n\n<h5 class=\"has-text-align-center has-neve-text-color-color has-text-color\" id=\"opinia-o-wwrd\">ZA\u015aWIADCZENIE &#8222;USTAWA ZA \u017bYCIEM&#8221;<\/h5>\n\n\n\n<p class=\"has-text-align-center has-neve-text-color-color has-text-color\"><a href=\"http:\/\/jaswyspianski.pl\/wp-content\/uploads\/2022\/01\/2021.12.30-Opinia-o-WWRD.pdf\"> <\/a><mark style=\"background-color:rgba(0, 0, 0, 0)\" class=\"has-inline-color has-neve-link-color-color\"><a href=\"http:\/\/jaswyspianski.pl\/wp-content\/uploads\/2024\/01\/Zaswiadczenie_Ustawa_Za_Zyciem-scaled.jpg\" target=\"_blank\" rel=\"noreferrer noopener\">Podgl\u0105d<\/a> <\/mark><\/p>\n\n\n\n<div style=\"height:20px\" aria-hidden=\"true\" class=\"wp-block-spacer\"><\/div>\n<\/div><\/div>\n<\/div>\n<\/div>\n\n\n\n<div style=\"height:80px\" aria-hidden=\"true\" class=\"wp-block-spacer\"><\/div>\n<\/div><\/div>\n\n\n\n<div class=\"wp-block-cover alignfull has-parallax\" style=\"min-height:500px\" id=\"pomoc\"><span aria-hidden=\"true\" class=\"wp-block-cover__background has-neve-link-hover-color-background-color has-background-dim-80 has-background-dim\"><\/span><div role=\"img\" class=\"wp-block-cover__image-background wp-image-378 has-parallax\" style=\"background-position:50% 50%;background-image:url(http:\/\/jaswyspianski.pl\/wp-content\/uploads\/2022\/01\/20211006_184101-scaled.jpg)\"><\/div><div class=\"wp-block-cover__inner-container\">\n<div style=\"height:120px\" aria-hidden=\"true\" class=\"wp-block-spacer\"><\/div>\n\n\n\n<p class=\"has-text-align-center has-nv-text-dark-bg-color has-text-color\"><strong>ZAANGA\u017bUJ SI\u0118<\/strong><\/p>\n\n\n\n<h2 class=\"has-text-align-center has-nv-text-dark-bg-color has-text-color\" id=\"jak-mozesz-pomoc\">Jak mo\u017cesz pom\u00f3c?<\/h2>\n\n\n\n<div style=\"height:20px\" aria-hidden=\"true\" class=\"wp-block-spacer\"><\/div>\n\n\n\n<div class=\"is-layout-flex wp-container-20 wp-block-columns\">\n<div class=\"is-layout-flow wp-block-column is-vertically-aligned-top\" style=\"flex-basis:40%\"><div class=\"wp-block-image\">\n<figure class=\"aligncenter size-large\"><img decoding=\"async\" loading=\"lazy\" width=\"63\" height=\"50\" src=\"http:\/\/jaswyspianski.pl\/wp-content\/uploads\/2021\/09\/money-bill-alt-regular-1.png\" alt=\"\" class=\"wp-image-257\"\/><\/figure><\/div>\n\n\n<h3 class=\"has-text-align-center has-nv-text-dark-bg-color has-text-color\" id=\"darowizny-na-sie-pomaga\">DAROWIZNY na <br>SIePOMAGA<\/h3>\n\n\n\n<p class=\"has-text-align-center has-text-color\" style=\"color:#ffffff\">Darowizny mo\u017cna wp\u0142aca\u0107&nbsp;ONLINE przez stron\u0119 Fundacji Siepomaga, kt\u00f3rej Ja\u015b jest podopiecznym<\/p>\n\n\n\n<div class=\"is-horizontal is-content-justification-center is-layout-flex wp-container-16 wp-block-buttons\">\n<div class=\"wp-block-button is-style-primary\"><a class=\"wp-block-button__link has-neve-link-color-background-color has-text-color has-background wp-element-button\" href=\"https:\/\/www.siepomaga.pl\/jas-wyspianski\" style=\"border-radius:50px;color:#000000\" target=\"_blank\" rel=\"noreferrer noopener\">ZBI\u00d3RKA<\/a><\/div>\n<\/div>\n\n\n\n<div style=\"height:30px\" aria-hidden=\"true\" class=\"wp-block-spacer\"><\/div>\n<\/div>\n\n\n\n<div class=\"is-layout-flow wp-block-column is-vertically-aligned-top\" style=\"flex-basis:40%\"><div class=\"wp-block-image\">\n<figure class=\"aligncenter size-large\"><img decoding=\"async\" loading=\"lazy\" width=\"50\" height=\"45\" src=\"http:\/\/jaswyspianski.pl\/wp-content\/uploads\/2021\/09\/leaf-solid-2-white.png\" alt=\"\" class=\"wp-image-259\"\/><\/figure><\/div>\n\n\n<h3 class=\"has-text-align-center has-nv-text-dark-bg-color has-text-color\" id=\"przekaz-1-podatku\">Przeka\u017c <br>1,5% podatku<\/h3>\n\n\n\n<p class=\"has-text-align-center\">Mo\u017cna te\u017c przekaza\u0107 1,5% podatku. Wystarczy w swoim rozliczeniu PIT wpisa\u0107:<br><strong><strong>NUMER&nbsp;KRS:<\/strong>&nbsp;<strong>0000396361<\/strong><\/strong><br>a w polu <br><strong><strong>CEL SZCZEG\u00d3\u0141OWY:<\/strong>&nbsp;<strong>0174789 Jan<\/strong><\/strong><\/p>\n\n\n\n<div class=\"is-layout-flex wp-block-buttons\">\n<div class=\"wp-block-button aligncenter is-style-primary\"><a class=\"wp-block-button__link has-neve-text-color-color has-neve-link-color-background-color has-text-color has-background wp-element-button\" href=\"https:\/\/www.siepomaga.pl\/jas-wyspianski\/procent-podatku\" target=\"_blank\" rel=\"noreferrer noopener\">POBIERZ DANE<\/a><\/div>\n<\/div>\n\n\n\n<div style=\"height:30px\" aria-hidden=\"true\" class=\"wp-block-spacer\"><\/div>\n<\/div>\n<\/div>\n\n\n\n<div style=\"height:120px\" aria-hidden=\"true\" class=\"wp-block-spacer\"><\/div>\n<\/div><\/div>\n\n\n\n<div class=\"wp-block-cover alignfull\"><span aria-hidden=\"true\" class=\"wp-block-cover__background has-nv-site-bg-background-color has-background-dim-100 has-background-dim\"><\/span><div class=\"wp-block-cover__inner-container\">\n<div style=\"height:80px\" aria-hidden=\"true\" class=\"wp-block-spacer\"><\/div>\n\n\n\n<div class=\"is-layout-flex wp-container-22 wp-block-columns alignwide\">\n<div class=\"is-layout-flow wp-block-column\">\n<h2 class=\"has-neve-text-color-color has-text-color\" id=\"ostatnio-u-janka\">Ostatnio u Janka<\/h2>\n\n\n<ul class=\"wp-block-latest-posts__list is-grid columns-2 h2-blog wp-block-latest-posts\"><li><div class=\"wp-block-latest-posts__featured-image\"><a href=\"https:\/\/jaswyspianski.pl\/index.php\/2025\/01\/12\/neuron-2024-koniec\/\" aria-label=\"&lt;strong&gt;NEURON 2024 \u2013 KONIEC&lt;\/strong&gt;\"><img width=\"1024\" height=\"791\" src=\"https:\/\/jaswyspianski.pl\/wp-content\/uploads\/2025\/01\/20240826_164024-scaled-e1736679705807-1024x791.jpg\" class=\"attachment-large size-large wp-post-image\" alt=\"\" decoding=\"async\" loading=\"lazy\" style=\"\" srcset=\"https:\/\/jaswyspianski.pl\/wp-content\/uploads\/2025\/01\/20240826_164024-scaled-e1736679705807-1024x791.jpg 1024w, https:\/\/jaswyspianski.pl\/wp-content\/uploads\/2025\/01\/20240826_164024-scaled-e1736679705807-300x232.jpg 300w, https:\/\/jaswyspianski.pl\/wp-content\/uploads\/2025\/01\/20240826_164024-scaled-e1736679705807-768x594.jpg 768w, https:\/\/jaswyspianski.pl\/wp-content\/uploads\/2025\/01\/20240826_164024-scaled-e1736679705807.jpg 1299w\" sizes=\"(max-width: 1024px) 100vw, 1024px\" \/><\/a><\/div><a class=\"wp-block-latest-posts__post-title\" href=\"https:\/\/jaswyspianski.pl\/index.php\/2025\/01\/12\/neuron-2024-koniec\/\"><strong>NEURON 2024 \u2013 KONIEC<\/strong><\/a><\/li>\n<li><div class=\"wp-block-latest-posts__featured-image\"><a href=\"https:\/\/jaswyspianski.pl\/index.php\/2025\/01\/11\/neuron-2024-w-ogrodzie\/\" aria-label=\"NEURON 2024 \u2013 W OGRODZIE\"><img width=\"1024\" height=\"576\" src=\"https:\/\/jaswyspianski.pl\/wp-content\/uploads\/2025\/01\/20240829_193004-1024x576.jpg\" class=\"attachment-large size-large wp-post-image\" alt=\"\" decoding=\"async\" loading=\"lazy\" style=\"\" srcset=\"https:\/\/jaswyspianski.pl\/wp-content\/uploads\/2025\/01\/20240829_193004-1024x576.jpg 1024w, https:\/\/jaswyspianski.pl\/wp-content\/uploads\/2025\/01\/20240829_193004-300x169.jpg 300w, https:\/\/jaswyspianski.pl\/wp-content\/uploads\/2025\/01\/20240829_193004-768x432.jpg 768w, https:\/\/jaswyspianski.pl\/wp-content\/uploads\/2025\/01\/20240829_193004-1536x864.jpg 1536w, https:\/\/jaswyspianski.pl\/wp-content\/uploads\/2025\/01\/20240829_193004-2048x1152.jpg 2048w\" sizes=\"(max-width: 1024px) 100vw, 1024px\" \/><\/a><\/div><a class=\"wp-block-latest-posts__post-title\" href=\"https:\/\/jaswyspianski.pl\/index.php\/2025\/01\/11\/neuron-2024-w-ogrodzie\/\">NEURON 2024 \u2013 W OGRODZIE<\/a><\/li>\n<\/ul><\/div>\n<\/div>\n\n\n\n<div style=\"height:80px\" aria-hidden=\"true\" class=\"wp-block-spacer\"><\/div>\n<\/div><\/div>\n","protected":false},"excerpt":{"rendered":"","protected":false},"author":1,"featured_media":0,"parent":0,"menu_order":0,"comment_status":"closed","ping_status":"closed","template":"","meta":{"neve_meta_sidebar":"full-width","neve_meta_container":"contained","neve_meta_enable_content_width":"on","neve_meta_content_width":100,"neve_meta_title_alignment":"left","neve_meta_author_avatar":"","neve_post_elements_order":"","neve_meta_disable_header":"","neve_meta_disable_footer":"","neve_meta_disable_title":"on","_ti_tpc_template_sync":false,"_ti_tpc_template_id":"6l4bhddo3eoegs66r5y6"},"yoast_head":"<!-- This site is optimized with the Yoast SEO plugin v19.11 - https:\/\/yoast.com\/wordpress\/plugins\/seo\/ -->\n<title>Ja\u015b Wyspia\u0144ski - autyzm<\/title>\n<meta name=\"description\" content=\"Ja\u015b Wyspia\u0144ski - chory na autyzm w najg\u0142\u0119bszej postaci. Zbieramy \u015brodki na rehabilitacj\u0119 bie\u017c\u0105c\u0105, przedszkole i turnusy rehabilitacyjne.\" \/>\n<meta name=\"robots\" content=\"index, follow, max-snippet:-1, max-image-preview:large, max-video-preview:-1\" \/>\n<link rel=\"canonical\" href=\"https:\/\/jaswyspianski.pl\/\" \/>\n<meta property=\"og:locale\" content=\"pl_PL\" \/>\n<meta property=\"og:type\" content=\"article\" \/>\n<meta property=\"og:title\" content=\"Ja\u015b Wyspia\u0144ski - autyzm\" \/>\n<meta property=\"og:description\" content=\"Ja\u015b Wyspia\u0144ski - chory na autyzm w najg\u0142\u0119bszej postaci. Zbieramy \u015brodki na rehabilitacj\u0119 bie\u017c\u0105c\u0105, przedszkole i turnusy rehabilitacyjne.\" \/>\n<meta property=\"og:url\" content=\"https:\/\/jaswyspianski.pl\/\" \/>\n<meta property=\"og:site_name\" content=\"Ja\u015b Wyspia\u0144ski\" \/>\n<meta property=\"article:modified_time\" content=\"2025-01-01T22:34:55+00:00\" \/>\n<meta property=\"og:image\" content=\"http:\/\/jaswyspianski.pl\/wp-content\/uploads\/2022\/01\/20211230_231810-Jas-po-oparzeniu-w-szpitalu.png\" \/>\n<meta name=\"twitter:card\" content=\"summary_large_image\" \/>\n<meta name=\"twitter:label1\" content=\"Szacowany czas czytania\" \/>\n\t<meta name=\"twitter:data1\" content=\"4 minuty\" \/>\n<script type=\"application\/ld+json\" class=\"yoast-schema-graph\">{\"@context\":\"https:\/\/schema.org\",\"@graph\":[{\"@type\":\"WebPage\",\"@id\":\"https:\/\/jaswyspianski.pl\/\",\"url\":\"https:\/\/jaswyspianski.pl\/\",\"name\":\"Ja\u015b Wyspia\u0144ski - autyzm\",\"isPartOf\":{\"@id\":\"https:\/\/jaswyspianski.pl\/#website\"},\"datePublished\":\"2020-03-23T11:38:19+00:00\",\"dateModified\":\"2025-01-01T22:34:55+00:00\",\"description\":\"Ja\u015b Wyspia\u0144ski - chory na autyzm w najg\u0142\u0119bszej postaci. Zbieramy \u015brodki na rehabilitacj\u0119 bie\u017c\u0105c\u0105, przedszkole i turnusy rehabilitacyjne.\",\"breadcrumb\":{\"@id\":\"https:\/\/jaswyspianski.pl\/#breadcrumb\"},\"inLanguage\":\"pl-PL\",\"potentialAction\":[{\"@type\":\"ReadAction\",\"target\":[\"https:\/\/jaswyspianski.pl\/\"]}]},{\"@type\":\"BreadcrumbList\",\"@id\":\"https:\/\/jaswyspianski.pl\/#breadcrumb\",\"itemListElement\":[{\"@type\":\"ListItem\",\"position\":1,\"name\":\"Strona g\u0142\u00f3wna\",\"item\":\"https:\/\/jaswyspianski.pl\/\"},{\"@type\":\"ListItem\",\"position\":2,\"name\":\"Strona g\u0142\u00f3wna\"}]},{\"@type\":\"WebSite\",\"@id\":\"https:\/\/jaswyspianski.pl\/#website\",\"url\":\"https:\/\/jaswyspianski.pl\/\",\"name\":\"Ja\u015b Wyspia\u0144ski\",\"description\":\"Zbieranie na turnusy rehabilitacyjne, by wykorzysta\u0107 skoki rozwojowe\",\"publisher\":{\"@id\":\"https:\/\/jaswyspianski.pl\/#organization\"},\"potentialAction\":[{\"@type\":\"SearchAction\",\"target\":{\"@type\":\"EntryPoint\",\"urlTemplate\":\"https:\/\/jaswyspianski.pl\/?s={search_term_string}\"},\"query-input\":\"required name=search_term_string\"}],\"inLanguage\":\"pl-PL\"},{\"@type\":\"Organization\",\"@id\":\"https:\/\/jaswyspianski.pl\/#organization\",\"name\":\"Ja\u015b Wyspia\u0144ski\",\"url\":\"https:\/\/jaswyspianski.pl\/\",\"logo\":{\"@type\":\"ImageObject\",\"inLanguage\":\"pl-PL\",\"@id\":\"https:\/\/jaswyspianski.pl\/#\/schema\/logo\/image\/\",\"url\":\"https:\/\/jaswyspianski.pl\/wp-content\/uploads\/2022\/01\/cropped-logo_Obszar-roboczy-1.png\",\"contentUrl\":\"https:\/\/jaswyspianski.pl\/wp-content\/uploads\/2022\/01\/cropped-logo_Obszar-roboczy-1.png\",\"width\":3178,\"height\":606,\"caption\":\"Ja\u015b Wyspia\u0144ski\"},\"image\":{\"@id\":\"https:\/\/jaswyspianski.pl\/#\/schema\/logo\/image\/\"}}]}<\/script>\n<!-- \/ Yoast SEO plugin. -->","yoast_head_json":{"title":"Ja\u015b Wyspia\u0144ski - autyzm","description":"Ja\u015b Wyspia\u0144ski - chory na autyzm w najg\u0142\u0119bszej postaci. Zbieramy \u015brodki na rehabilitacj\u0119 bie\u017c\u0105c\u0105, przedszkole i turnusy rehabilitacyjne.","robots":{"index":"index","follow":"follow","max-snippet":"max-snippet:-1","max-image-preview":"max-image-preview:large","max-video-preview":"max-video-preview:-1"},"canonical":"https:\/\/jaswyspianski.pl\/","og_locale":"pl_PL","og_type":"article","og_title":"Ja\u015b Wyspia\u0144ski - autyzm","og_description":"Ja\u015b Wyspia\u0144ski - chory na autyzm w najg\u0142\u0119bszej postaci. Zbieramy \u015brodki na rehabilitacj\u0119 bie\u017c\u0105c\u0105, przedszkole i turnusy rehabilitacyjne.","og_url":"https:\/\/jaswyspianski.pl\/","og_site_name":"Ja\u015b Wyspia\u0144ski","article_modified_time":"2025-01-01T22:34:55+00:00","og_image":[{"url":"http:\/\/jaswyspianski.pl\/wp-content\/uploads\/2022\/01\/20211230_231810-Jas-po-oparzeniu-w-szpitalu.png"}],"twitter_card":"summary_large_image","twitter_misc":{"Szacowany czas czytania":"4 minuty"},"schema":{"@context":"https:\/\/schema.org","@graph":[{"@type":"WebPage","@id":"https:\/\/jaswyspianski.pl\/","url":"https:\/\/jaswyspianski.pl\/","name":"Ja\u015b Wyspia\u0144ski - autyzm","isPartOf":{"@id":"https:\/\/jaswyspianski.pl\/#website"},"datePublished":"2020-03-23T11:38:19+00:00","dateModified":"2025-01-01T22:34:55+00:00","description":"Ja\u015b Wyspia\u0144ski - chory na autyzm w najg\u0142\u0119bszej postaci. Zbieramy \u015brodki na rehabilitacj\u0119 bie\u017c\u0105c\u0105, przedszkole i turnusy rehabilitacyjne.","breadcrumb":{"@id":"https:\/\/jaswyspianski.pl\/#breadcrumb"},"inLanguage":"pl-PL","potentialAction":[{"@type":"ReadAction","target":["https:\/\/jaswyspianski.pl\/"]}]},{"@type":"BreadcrumbList","@id":"https:\/\/jaswyspianski.pl\/#breadcrumb","itemListElement":[{"@type":"ListItem","position":1,"name":"Strona g\u0142\u00f3wna","item":"https:\/\/jaswyspianski.pl\/"},{"@type":"ListItem","position":2,"name":"Strona g\u0142\u00f3wna"}]},{"@type":"WebSite","@id":"https:\/\/jaswyspianski.pl\/#website","url":"https:\/\/jaswyspianski.pl\/","name":"Ja\u015b Wyspia\u0144ski","description":"Zbieranie na turnusy rehabilitacyjne, by wykorzysta\u0107 skoki rozwojowe","publisher":{"@id":"https:\/\/jaswyspianski.pl\/#organization"},"potentialAction":[{"@type":"SearchAction","target":{"@type":"EntryPoint","urlTemplate":"https:\/\/jaswyspianski.pl\/?s={search_term_string}"},"query-input":"required name=search_term_string"}],"inLanguage":"pl-PL"},{"@type":"Organization","@id":"https:\/\/jaswyspianski.pl\/#organization","name":"Ja\u015b Wyspia\u0144ski","url":"https:\/\/jaswyspianski.pl\/","logo":{"@type":"ImageObject","inLanguage":"pl-PL","@id":"https:\/\/jaswyspianski.pl\/#\/schema\/logo\/image\/","url":"https:\/\/jaswyspianski.pl\/wp-content\/uploads\/2022\/01\/cropped-logo_Obszar-roboczy-1.png","contentUrl":"https:\/\/jaswyspianski.pl\/wp-content\/uploads\/2022\/01\/cropped-logo_Obszar-roboczy-1.png","width":3178,"height":606,"caption":"Ja\u015b Wyspia\u0144ski"},"image":{"@id":"https:\/\/jaswyspianski.pl\/#\/schema\/logo\/image\/"}}]}},"_links":{"self":[{"href":"https:\/\/jaswyspianski.pl\/index.php\/wp-json\/wp\/v2\/pages\/206"}],"collection":[{"href":"https:\/\/jaswyspianski.pl\/index.php\/wp-json\/wp\/v2\/pages"}],"about":[{"href":"https:\/\/jaswyspianski.pl\/index.php\/wp-json\/wp\/v2\/types\/page"}],"author":[{"embeddable":true,"href":"https:\/\/jaswyspianski.pl\/index.php\/wp-json\/wp\/v2\/users\/1"}],"replies":[{"embeddable":true,"href":"https:\/\/jaswyspianski.pl\/index.php\/wp-json\/wp\/v2\/comments?post=206"}],"version-history":[{"count":52,"href":"https:\/\/jaswyspianski.pl\/index.php\/wp-json\/wp\/v2\/pages\/206\/revisions"}],"predecessor-version":[{"id":1131,"href":"https:\/\/jaswyspianski.pl\/index.php\/wp-json\/wp\/v2\/pages\/206\/revisions\/1131"}],"wp:attachment":[{"href":"https:\/\/jaswyspianski.pl\/index.php\/wp-json\/wp\/v2\/media?parent=206"}],"curies":[{"name":"wp","href":"https:\/\/api.w.org\/{rel}","templated":true}]}}